{"id":7,"date":"2019-08-22T13:27:45","date_gmt":"2019-08-22T11:27:45","guid":{"rendered":"http:\/\/www.ailane.fr\/?page_id=7"},"modified":"2024-11-23T18:43:46","modified_gmt":"2024-11-23T17:43:46","slug":"ailane-reglementation-des-systemes-dinformation-de-sante","status":"publish","type":"page","link":"https:\/\/www.ailane.fr\/en\/","title":{"rendered":"Ailane&nbsp;: r\u00e9glementation des syst\u00e8mes d&rsquo;information de sant\u00e9"},"content":{"rendered":"","protected":false},"excerpt":{"rendered":"","protected":false},"author":1,"featured_media":0,"parent":0,"menu_order":0,"comment_status":"closed","ping_status":"closed","template":"","meta":{"_seopress_robots_primary_cat":"","_seopress_titles_title":"","_seopress_titles_desc":"","_seopress_robots_index":""},"_links":{"self":[{"href":"https:\/\/www.ailane.fr\/en\/wp-json\/wp\/v2\/pages\/7"}],"collection":[{"href":"https:\/\/www.ailane.fr\/en\/wp-json\/wp\/v2\/pages"}],"about":[{"href":"https:\/\/www.ailane.fr\/en\/wp-json\/wp\/v2\/types\/page"}],"author":[{"embeddable":true,"href":"https:\/\/www.ailane.fr\/en\/wp-json\/wp\/v2\/users\/1"}],"replies":[{"embeddable":true,"href":"https:\/\/www.ailane.fr\/en\/wp-json\/wp\/v2\/comments?post=7"}],"version-history":[{"count":5,"href":"https:\/\/www.ailane.fr\/en\/wp-json\/wp\/v2\/pages\/7\/revisions"}],"predecessor-version":[{"id":484,"href":"https:\/\/www.ailane.fr\/en\/wp-json\/wp\/v2\/pages\/7\/revisions\/484"}],"wp:attachment":[{"href":"https:\/\/www.ailane.fr\/en\/wp-json\/wp\/v2\/media?parent=7"}],"curies":[{"name":"wp","href":"https:\/\/api.w.org\/{rel}","templated":true}]}}